{"id":110954,"date":"2024-11-20T10:47:18","date_gmt":"2024-11-20T08:47:18","guid":{"rendered":"https:\/\/www.dev.piisku.fi\/?page_id=110954"},"modified":"2025-05-30T04:44:07","modified_gmt":"2025-05-30T01:44:07","slug":"blog","status":"publish","type":"page","link":"https:\/\/www.dev.piisku.fi\/en\/blog","title":{"rendered":"Blog"},"content":{"rendered":"<div class=\"wpb-content-wrapper\"><div data-parent=\"true\" class=\"vc_row style-color-nhtu-bg row-container onepage-section\" data-label=\"Hello\" data-name=\"hello\" id=\"row-unique-0\"><div class=\"row-background background-element\">\n\t\t\t\t\t\t\t\t\t\t\t<div class=\"background-wrapper\">\n\t\t\t\t\t\t\t\t\t\t\t\t<div class=\"background-inner\" style=\"background-image: url(https:\/\/www.dev.piisku.fi\/wp-content\/uploads\/2024\/11\/Blog-scaled.jpg);background-repeat: no-repeat;background-position: center center;background-attachment: scroll;background-size: cover;\"><\/div>\n\t\t\t\t\t\t\t\t\t\t\t\t<div class=\"block-bg-overlay style-color-jevc-bg\" style=\"opacity: 0.3;\"><\/div>\n\t\t\t\t\t\t\t\t\t\t\t<\/div>\n\t\t\t\t\t\t\t\t\t\t<\/div><div class=\"row single-top-padding single-bottom-padding single-h-padding limit-width row-parent\" data-height-ratio=\"full\"><div class=\"wpb_row row-inner\"><div class=\"wpb_column pos-middle pos-left align_left column_parent col-lg-12 col-md-50 single-internal-gutter\"><div class=\"uncol style-dark animate_when_almost_visible bottom-t-top\"  data-delay=\"200\"><div class=\"uncoltable\"><div class=\"uncell no-block-padding\" ><div class=\"uncont\" ><div class=\"vc_row row-internal row-container\"><div class=\"row row-child\"><div class=\"wpb_row row-inner\"><div class=\"wpb_column pos-middle pos-left align_left column_child col-lg-12 col-md-50 single-internal-gutter\"><div class=\"uncol style-dark\" ><div class=\"uncoltable\"><div class=\"uncell no-block-padding\" ><div class=\"uncont\" style=\" max-width:90%;\" ><div class=\"vc_custom_heading_wrap\"><div class=\"heading-text el-text\" ><h2 class=\"h6 fontspace-812097 text-color-lxmt-color text-uppercase\" ><span>blogi<\/span><\/h2><\/div><div class=\"clear\"><\/div><\/div><div class=\"vc_custom_heading_wrap\"><div class=\"heading-text el-text\" ><h1 class=\"h1 text-uppercase\" ><span>Uusimmat toimialakohtaiset n\u00e4kemykset ohjelmistoista, kyberturvallisuudesta ja teko\u00e4lyst\u00e4<\/span><\/h1><\/div><div class=\"clear\"><\/div><\/div><\/div><\/div><\/div><\/div><\/div><\/div><\/div><\/div><div class=\"vc_row row-internal row-container\"><div class=\"row row-child\"><div class=\"wpb_row row-inner\"><div class=\"wpb_column pos-top pos-center align_left column_child col-lg-9 half-internal-gutter\"><div class=\"uncol style-dark\" ><div class=\"uncoltable\"><div class=\"uncell no-block-padding\" ><div class=\"uncont\" ><div class=\"vc_custom_heading_wrap\"><div class=\"heading-text el-text\" ><p class=\"h3 font-weight-400\" ><span>kokeneilta teknologia- ja tietoturva-ammattilaisilta<\/span><\/p><\/div><div class=\"clear\"><\/div><\/div><div class=\"empty-space empty-single desktop-hidden\" ><span class=\"empty-space-inner\"><\/span><\/div>\n<\/div><\/div><\/div><\/div><\/div><div class=\"wpb_column pos-top pos-center align_left column_child col-lg-3 tablet-hidden mobile-hidden single-internal-gutter\"><div class=\"uncol style-light\" ><div class=\"uncoltable\"><div class=\"uncell no-block-padding\" ><div class=\"uncont\" ><\/div><\/div><\/div><\/div><\/div><\/div><\/div><\/div><\/div><\/div><\/div><\/div><\/div><script id=\"script-row-unique-0\" data-row=\"script-row-unique-0\" type=\"text\/javascript\" class=\"vc_controls\">UNCODE.initRow(document.getElementById(\"row-unique-0\"));<\/script><\/div><\/div><\/div><div data-parent=\"true\" class=\"vc_row style-color-jevc-bg row-container\" id=\"row-unique-1\"><div class=\"row col-half-gutter double-top-padding double-bottom-padding double-h-padding full-width row-parent\"><div class=\"wpb_row row-inner\"><div class=\"wpb_column pos-top pos-center align_left column_parent col-lg-12 single-internal-gutter\"><div class=\"uncol style-light\"  ><div class=\"uncoltable\"><div class=\"uncell no-block-padding\" ><div class=\"uncont\" ><div id=\"index-132160\" class=\"isotope-system isotope-general-light grid-general-light\" >\n\t\t\t\t\t\n\t\t\t\t\t\t\t\t\t\t\t\t\t\t<div class=\"isotope-wrapper grid-wrapper single-gutter\" >\t\t\t\t\t\t\t\t\t\t\t\t<div class=\"isotope-container grid-container isotope-layout style-masonry isotope-pagination grid-pagination\" data-type=\"masonry\" data-layout=\"fitRows\" data-lg=\"1200\" data-md=\"960\" data-sm=\"480\" data-vp-height=\"\">\t\t\t<div class=\"tmb atc-typography-inherit tmb-iso-w4 tmb-iso-h4 tmb-dark tmb-text-showed tmb-overlay-anim tmb-content-left tmb-image-anim  tmb-id-111331 tmb-img-ratio tmb-content-under tmb-media-first tmb-no-bg\" ><div class=\"t-inside animate_when_almost_visible bottom-t-top\" data-delay=\"200\"><div class=\"t-entry-visual\"><div class=\"t-entry-visual-tc\"><div class=\"t-entry-visual-cont\"><div class=\"dummy\" style=\"padding-top: 66.6%;\"><\/div><a role=\"button\" tabindex=\"-1\" href=\"https:\/\/www.dev.piisku.fi\/en\/blog_posts\/mita-on-agentiivisuus\" class=\"pushed\" target=\"_self\" data-lb-index=\"0\"><div class=\"t-entry-visual-overlay\"><div class=\"t-entry-visual-overlay-in style-color-nhtu-bg\" style=\"opacity: 0.5;\"><\/div><\/div><img decoding=\"async\" class=\"wp-image-111024\" src=\"https:\/\/www.dev.piisku.fi\/wp-content\/uploads\/2024\/11\/PART1_image004-uai-1024x682.jpg\" width=\"1024\" height=\"682\" alt=\"\" \/><\/a><\/div>\n\t\t\t\t\t<\/div>\n\t\t\t\t<\/div><div class=\"t-entry-text\">\n\t\t\t\t\t\t\t\t\t<div class=\"t-entry-text-tc single-block-padding\"><div class=\"t-entry\"><p class=\"t-entry-meta\"><span class=\"t-entry-date\">07.03.2025<\/span><\/p><h3 class=\"t-entry-title h5 title-scale\"><a href=\"https:\/\/www.dev.piisku.fi\/en\/blog_posts\/mita-on-agentiivisuus\" target=\"_self\">Mit\u00e4 on agentiivisuus?<\/a><\/h3><div class=\"t-entry-excerpt\"><\/div><\/div><\/div>\n\t\t\t\t\t\t\t<\/div><\/div><\/div><div class=\"tmb atc-typography-inherit tmb-iso-w4 tmb-iso-h4 tmb-dark tmb-text-showed tmb-overlay-anim tmb-content-left tmb-image-anim  tmb-id-111342 tmb-img-ratio tmb-content-under tmb-media-first tmb-no-bg\" ><div class=\"t-inside animate_when_almost_visible bottom-t-top\" data-delay=\"200\"><div class=\"t-entry-visual\"><div class=\"t-entry-visual-tc\"><div class=\"t-entry-visual-cont\"><div class=\"dummy\" style=\"padding-top: 66.6%;\"><\/div><a role=\"button\" tabindex=\"-1\" href=\"https:\/\/www.dev.piisku.fi\/en\/blog_posts\/part-3-navigating-security-challenges-the-secure-software-development-lifecycle-meets-devops\" class=\"pushed\" target=\"_self\" data-lb-index=\"1\"><div class=\"t-entry-visual-overlay\"><div class=\"t-entry-visual-overlay-in style-color-nhtu-bg\" style=\"opacity: 0.5;\"><\/div><\/div><img decoding=\"async\" class=\"wp-image-111248\" src=\"https:\/\/www.dev.piisku.fi\/wp-content\/uploads\/2025\/02\/Designer-4-uai-1024x682.jpeg\" width=\"1024\" height=\"682\" alt=\"\" \/><\/a><\/div>\n\t\t\t\t\t<\/div>\n\t\t\t\t<\/div><div class=\"t-entry-text\">\n\t\t\t\t\t\t\t\t\t<div class=\"t-entry-text-tc single-block-padding\"><div class=\"t-entry\"><p class=\"t-entry-meta\"><span class=\"t-entry-date\">27.02.2025<\/span><\/p><h3 class=\"t-entry-title h5 title-scale\"><a href=\"https:\/\/www.dev.piisku.fi\/en\/blog_posts\/part-3-navigating-security-challenges-the-secure-software-development-lifecycle-meets-devops\" target=\"_self\">PART 3 \u2013 Navigating security challenges: The Secure Software Development Lifecycle meets DevOps<\/a><\/h3><div class=\"t-entry-excerpt\"><\/div><\/div><\/div>\n\t\t\t\t\t\t\t<\/div><\/div><\/div><div class=\"tmb atc-typography-inherit tmb-iso-w4 tmb-iso-h4 tmb-dark tmb-text-showed tmb-overlay-anim tmb-content-left tmb-image-anim  tmb-id-111343 tmb-img-ratio tmb-content-under tmb-media-first tmb-no-bg\" ><div class=\"t-inside animate_when_almost_visible bottom-t-top\" data-delay=\"200\"><div class=\"t-entry-visual\"><div class=\"t-entry-visual-tc\"><div class=\"t-entry-visual-cont\"><div class=\"dummy\" style=\"padding-top: 66.6%;\"><\/div><a role=\"button\" tabindex=\"-1\" href=\"https:\/\/www.dev.piisku.fi\/en\/blog_posts\/part-2-navigating-security-challenges-the-secure-software-development-lifecycle-meets-devops\" class=\"pushed\" target=\"_self\" data-lb-index=\"2\"><div class=\"t-entry-visual-overlay\"><div class=\"t-entry-visual-overlay-in style-color-nhtu-bg\" style=\"opacity: 0.5;\"><\/div><\/div><img decoding=\"async\" class=\"wp-image-111239\" src=\"https:\/\/www.dev.piisku.fi\/wp-content\/uploads\/2024\/12\/Designer-1-uai-1024x682.jpeg\" width=\"1024\" height=\"682\" alt=\"\" \/><\/a><\/div>\n\t\t\t\t\t<\/div>\n\t\t\t\t<\/div><div class=\"t-entry-text\">\n\t\t\t\t\t\t\t\t\t<div class=\"t-entry-text-tc single-block-padding\"><div class=\"t-entry\"><p class=\"t-entry-meta\"><span class=\"t-entry-date\">20.12.2024<\/span><\/p><h3 class=\"t-entry-title h5 title-scale\"><a href=\"https:\/\/www.dev.piisku.fi\/en\/blog_posts\/part-2-navigating-security-challenges-the-secure-software-development-lifecycle-meets-devops\" target=\"_self\">PART 2 &#8211; Navigating security challenges: The Secure Software Development Lifecycle meets DevOps<\/a><\/h3><div class=\"t-entry-excerpt\"><\/div><\/div><\/div>\n\t\t\t\t\t\t\t<\/div><\/div><\/div><div class=\"tmb atc-typography-inherit tmb-iso-w4 tmb-iso-h4 tmb-dark tmb-text-showed tmb-overlay-anim tmb-content-left tmb-image-anim  tmb-id-111344 tmb-img-ratio tmb-content-under tmb-media-first tmb-no-bg\" ><div class=\"t-inside animate_when_almost_visible bottom-t-top\" data-delay=\"200\"><div class=\"t-entry-visual\"><div class=\"t-entry-visual-tc\"><div class=\"t-entry-visual-cont\"><div class=\"dummy\" style=\"padding-top: 66.6%;\"><\/div><a role=\"button\" tabindex=\"-1\" href=\"https:\/\/www.dev.piisku.fi\/en\/blog_posts\/part-1-navigating-security-challenges-the-secure-software-development-lifecycle-meets-devops\" class=\"pushed\" target=\"_self\" data-lb-index=\"3\"><div class=\"t-entry-visual-overlay\"><div class=\"t-entry-visual-overlay-in style-color-nhtu-bg\" style=\"opacity: 0.5;\"><\/div><\/div><img decoding=\"async\" class=\"wp-image-111022\" src=\"https:\/\/www.dev.piisku.fi\/wp-content\/uploads\/2024\/11\/Picture-1-1-uai-1000x666.jpg\" width=\"1000\" height=\"666\" alt=\"\" \/><\/a><\/div>\n\t\t\t\t\t<\/div>\n\t\t\t\t<\/div><div class=\"t-entry-text\">\n\t\t\t\t\t\t\t\t\t<div class=\"t-entry-text-tc single-block-padding\"><div class=\"t-entry\"><p class=\"t-entry-meta\"><span class=\"t-entry-date\">20.11.2024<\/span><\/p><h3 class=\"t-entry-title h5 title-scale\"><a href=\"https:\/\/www.dev.piisku.fi\/en\/blog_posts\/part-1-navigating-security-challenges-the-secure-software-development-lifecycle-meets-devops\" target=\"_self\">PART 1 \u2013 Navigating security challenges: The Secure Software Development Lifecycle meets DevOps<\/a><\/h3><div class=\"t-entry-excerpt\"><\/div><\/div><\/div>\n\t\t\t\t\t\t\t<\/div><\/div><\/div>\t\t<\/div>\t\n\t\n\n\t<\/div>\t\t\t\t<\/div>\n<\/div><\/div><\/div><\/div><\/div><script id=\"script-row-unique-1\" data-row=\"script-row-unique-1\" type=\"text\/javascript\" class=\"vc_controls\">UNCODE.initRow(document.getElementById(\"row-unique-1\"));<\/script><\/div><\/div><\/div>\n<\/div>","protected":false},"excerpt":{"rendered":"Mapping the phases of the software development lifecycle to the secure development lifecycleBefore we dive into the phases of the [...]","protected":false},"author":1,"featured_media":0,"parent":0,"menu_order":0,"comment_status":"closed","ping_status":"closed","template":"","meta":{"footnotes":""},"class_list":["post-110954","page","type-page","status-publish","hentry"],"yoast_head":"<!-- This site is optimized with the Yoast SEO plugin v25.0 - https:\/\/yoast.com\/wordpress\/plugins\/seo\/ -->\n<title>Blog - Piisku<\/title>\n<meta name=\"robots\" content=\"index, follow, max-snippet:-1, max-image-preview:large, max-video-preview:-1\" \/>\n<link rel=\"canonical\" href=\"https:\/\/www.dev.piisku.fi\/en\/blog\/\" \/>\n<meta property=\"og:locale\" content=\"en_US\" \/>\n<meta property=\"og:type\" content=\"article\" \/>\n<meta property=\"og:title\" content=\"Blog - Piisku\" \/>\n<meta property=\"og:url\" content=\"https:\/\/www.dev.piisku.fi\/en\/blog\/\" \/>\n<meta property=\"og:site_name\" content=\"Piisku\" \/>\n<meta property=\"article:modified_time\" content=\"2025-05-30T01:44:07+00:00\" \/>\n<meta property=\"og:image\" content=\"https:\/\/www.dev.piisku.fi\/wp-content\/uploads\/2022\/09\/PIISKU_FB-share.jpg\" \/>\n\t<meta property=\"og:image:width\" content=\"1200\" \/>\n\t<meta property=\"og:image:height\" content=\"630\" \/>\n\t<meta property=\"og:image:type\" content=\"image\/jpeg\" \/>\n<meta name=\"twitter:card\" content=\"summary_large_image\" \/>\n<meta name=\"twitter:label1\" content=\"Est. reading time\" \/>\n\t<meta name=\"twitter:data1\" content=\"1 minute\" \/>\n<script type=\"application\/ld+json\" class=\"yoast-schema-graph\">{\"@context\":\"https:\/\/schema.org\",\"@graph\":[{\"@type\":\"WebPage\",\"@id\":\"https:\/\/www.dev.piisku.fi\/blog\",\"url\":\"https:\/\/www.dev.piisku.fi\/blog\",\"name\":\"Blog - Piisku\",\"isPartOf\":{\"@id\":\"https:\/\/www.dev.piisku.fi\/fi\/#website\"},\"datePublished\":\"2024-11-20T08:47:18+00:00\",\"dateModified\":\"2025-05-30T01:44:07+00:00\",\"breadcrumb\":{\"@id\":\"https:\/\/www.dev.piisku.fi\/blog#breadcrumb\"},\"inLanguage\":\"en-US\",\"potentialAction\":[{\"@type\":\"ReadAction\",\"target\":[\"https:\/\/www.dev.piisku.fi\/blog\"]}]},{\"@type\":\"BreadcrumbList\",\"@id\":\"https:\/\/www.dev.piisku.fi\/blog#breadcrumb\",\"itemListElement\":[{\"@type\":\"ListItem\",\"position\":1,\"name\":\"Home\",\"item\":\"https:\/\/www.dev.piisku.fi\/fi\/\"},{\"@type\":\"ListItem\",\"position\":2,\"name\":\"Blog\"}]},{\"@type\":\"WebSite\",\"@id\":\"https:\/\/www.dev.piisku.fi\/fi\/#website\",\"url\":\"https:\/\/www.dev.piisku.fi\/fi\/\",\"name\":\"Piisku\",\"description\":\"Building withstanding quality technology solutions for enhanced productivity, quality, and security.\",\"publisher\":{\"@id\":\"https:\/\/www.dev.piisku.fi\/fi\/#organization\"},\"potentialAction\":[{\"@type\":\"SearchAction\",\"target\":{\"@type\":\"EntryPoint\",\"urlTemplate\":\"https:\/\/www.dev.piisku.fi\/fi\/?s={search_term_string}\"},\"query-input\":{\"@type\":\"PropertyValueSpecification\",\"valueRequired\":true,\"valueName\":\"search_term_string\"}}],\"inLanguage\":\"en-US\"},{\"@type\":\"Organization\",\"@id\":\"https:\/\/www.dev.piisku.fi\/fi\/#organization\",\"name\":\"Piisku Ltd\",\"url\":\"https:\/\/www.dev.piisku.fi\/fi\/\",\"logo\":{\"@type\":\"ImageObject\",\"inLanguage\":\"en-US\",\"@id\":\"https:\/\/www.dev.piisku.fi\/fi\/#\/schema\/logo\/image\/\",\"url\":\"https:\/\/www.dev.piisku.fi\/wp-content\/uploads\/2022\/09\/piisku-logotiedostot-01.svg\",\"contentUrl\":\"https:\/\/www.dev.piisku.fi\/wp-content\/uploads\/2022\/09\/piisku-logotiedostot-01.svg\",\"width\":1,\"height\":1,\"caption\":\"Piisku Ltd\"},\"image\":{\"@id\":\"https:\/\/www.dev.piisku.fi\/fi\/#\/schema\/logo\/image\/\"},\"sameAs\":[\"https:\/\/www.linkedin.com\/company\/piisku\/\"]}]}<\/script>\n<!-- \/ Yoast SEO plugin. -->","yoast_head_json":{"title":"Blog - Piisku","robots":{"index":"index","follow":"follow","max-snippet":"max-snippet:-1","max-image-preview":"max-image-preview:large","max-video-preview":"max-video-preview:-1"},"canonical":"https:\/\/www.dev.piisku.fi\/en\/blog\/","og_locale":"en_US","og_type":"article","og_title":"Blog - Piisku","og_url":"https:\/\/www.dev.piisku.fi\/en\/blog\/","og_site_name":"Piisku","article_modified_time":"2025-05-30T01:44:07+00:00","og_image":[{"width":1200,"height":630,"url":"https:\/\/www.dev.piisku.fi\/wp-content\/uploads\/2022\/09\/PIISKU_FB-share.jpg","type":"image\/jpeg"}],"twitter_card":"summary_large_image","twitter_misc":{"Est. reading time":"1 minute"},"schema":{"@context":"https:\/\/schema.org","@graph":[{"@type":"WebPage","@id":"https:\/\/www.dev.piisku.fi\/blog","url":"https:\/\/www.dev.piisku.fi\/blog","name":"Blog - Piisku","isPartOf":{"@id":"https:\/\/www.dev.piisku.fi\/fi\/#website"},"datePublished":"2024-11-20T08:47:18+00:00","dateModified":"2025-05-30T01:44:07+00:00","breadcrumb":{"@id":"https:\/\/www.dev.piisku.fi\/blog#breadcrumb"},"inLanguage":"en-US","potentialAction":[{"@type":"ReadAction","target":["https:\/\/www.dev.piisku.fi\/blog"]}]},{"@type":"BreadcrumbList","@id":"https:\/\/www.dev.piisku.fi\/blog#breadcrumb","itemListElement":[{"@type":"ListItem","position":1,"name":"Home","item":"https:\/\/www.dev.piisku.fi\/fi\/"},{"@type":"ListItem","position":2,"name":"Blog"}]},{"@type":"WebSite","@id":"https:\/\/www.dev.piisku.fi\/fi\/#website","url":"https:\/\/www.dev.piisku.fi\/fi\/","name":"Piisku","description":"Building withstanding quality technology solutions for enhanced productivity, quality, and security.","publisher":{"@id":"https:\/\/www.dev.piisku.fi\/fi\/#organization"},"potentialAction":[{"@type":"SearchAction","target":{"@type":"EntryPoint","urlTemplate":"https:\/\/www.dev.piisku.fi\/fi\/?s={search_term_string}"},"query-input":{"@type":"PropertyValueSpecification","valueRequired":true,"valueName":"search_term_string"}}],"inLanguage":"en-US"},{"@type":"Organization","@id":"https:\/\/www.dev.piisku.fi\/fi\/#organization","name":"Piisku Ltd","url":"https:\/\/www.dev.piisku.fi\/fi\/","logo":{"@type":"ImageObject","inLanguage":"en-US","@id":"https:\/\/www.dev.piisku.fi\/fi\/#\/schema\/logo\/image\/","url":"https:\/\/www.dev.piisku.fi\/wp-content\/uploads\/2022\/09\/piisku-logotiedostot-01.svg","contentUrl":"https:\/\/www.dev.piisku.fi\/wp-content\/uploads\/2022\/09\/piisku-logotiedostot-01.svg","width":1,"height":1,"caption":"Piisku Ltd"},"image":{"@id":"https:\/\/www.dev.piisku.fi\/fi\/#\/schema\/logo\/image\/"},"sameAs":["https:\/\/www.linkedin.com\/company\/piisku\/"]}]}},"_links":{"self":[{"href":"https:\/\/www.dev.piisku.fi\/en\/wp-json\/wp\/v2\/pages\/110954","targetHints":{"allow":["GET"]}}],"collection":[{"href":"https:\/\/www.dev.piisku.fi\/en\/wp-json\/wp\/v2\/pages"}],"about":[{"href":"https:\/\/www.dev.piisku.fi\/en\/wp-json\/wp\/v2\/types\/page"}],"author":[{"embeddable":true,"href":"https:\/\/www.dev.piisku.fi\/en\/wp-json\/wp\/v2\/users\/1"}],"replies":[{"embeddable":true,"href":"https:\/\/www.dev.piisku.fi\/en\/wp-json\/wp\/v2\/comments?post=110954"}],"version-history":[{"count":18,"href":"https:\/\/www.dev.piisku.fi\/en\/wp-json\/wp\/v2\/pages\/110954\/revisions"}],"predecessor-version":[{"id":111374,"href":"https:\/\/www.dev.piisku.fi\/en\/wp-json\/wp\/v2\/pages\/110954\/revisions\/111374"}],"wp:attachment":[{"href":"https:\/\/www.dev.piisku.fi\/en\/wp-json\/wp\/v2\/media?parent=110954"}],"curies":[{"name":"wp","href":"https:\/\/api.w.org\/{rel}","templated":true}]}}