{"id":111294,"date":"2025-05-14T23:52:35","date_gmt":"2025-05-14T20:52:35","guid":{"rendered":"https:\/\/www.dev.piisku.fi\/?page_id=111294"},"modified":"2025-05-30T04:05:19","modified_gmt":"2025-05-30T01:05:19","slug":"training","status":"publish","type":"page","link":"https:\/\/www.dev.piisku.fi\/en\/training","title":{"rendered":"Training"},"content":{"rendered":"<div class=\"wpb-content-wrapper\"><div data-parent=\"true\" class=\"vc_row style-color-nhtu-bg row-container onepage-section\" data-label=\"Hello\" data-name=\"hello\" id=\"row-unique-0\"><div class=\"row-background background-element\">\n\t\t\t\t\t\t\t\t\t\t\t<div class=\"background-wrapper\">\n\t\t\t\t\t\t\t\t\t\t\t\t<div class=\"background-inner\" style=\"background-image: url(https:\/\/www.dev.piisku.fi\/wp-content\/uploads\/2024\/11\/Blog-scaled.jpg);background-repeat: no-repeat;background-position: center center;background-attachment: scroll;background-size: cover;\"><\/div>\n\t\t\t\t\t\t\t\t\t\t\t\t<div class=\"block-bg-overlay style-color-jevc-bg\" style=\"opacity: 0.3;\"><\/div>\n\t\t\t\t\t\t\t\t\t\t\t<\/div>\n\t\t\t\t\t\t\t\t\t\t<\/div><div class=\"row single-top-padding single-bottom-padding single-h-padding limit-width row-parent\" data-height-ratio=\"full\"><div class=\"wpb_row row-inner\"><div class=\"wpb_column pos-middle pos-left align_left column_parent col-lg-12 col-md-50 single-internal-gutter\"><div class=\"uncol style-dark animate_when_almost_visible bottom-t-top\"  data-delay=\"200\"><div class=\"uncoltable\"><div class=\"uncell no-block-padding\" ><div class=\"uncont\" ><div class=\"vc_row row-internal row-container\"><div class=\"row row-child\"><div class=\"wpb_row row-inner\"><div class=\"wpb_column pos-middle pos-left align_left column_child col-lg-12 col-md-50 single-internal-gutter\"><div class=\"uncol style-dark\" ><div class=\"uncoltable\"><div class=\"uncell no-block-padding\" ><div class=\"uncont\" style=\" max-width:90%;\" ><div class=\"vc_custom_heading_wrap\"><div class=\"heading-text el-text\" ><h2 class=\"h6 fontspace-812097 text-color-lxmt-color text-uppercase\" ><span>koulutus<\/span><\/h2><\/div><div class=\"clear\"><\/div><\/div><div class=\"vc_custom_heading_wrap\"><div class=\"heading-text el-text\" ><h1 class=\"h1 text-uppercase\" ><span>Koulutukset ohjelmointiin, kyberturvallisuuteen ja teko\u00e4lyyn<\/span><\/h1><\/div><div class=\"clear\"><\/div><\/div><\/div><\/div><\/div><\/div><\/div><\/div><\/div><\/div><div class=\"vc_row row-internal row-container\"><div class=\"row row-child\"><div class=\"wpb_row row-inner\"><div class=\"wpb_column pos-top pos-center align_left column_child col-lg-9 half-internal-gutter\"><div class=\"uncol style-dark\" ><div class=\"uncoltable\"><div class=\"uncell no-block-padding\" ><div class=\"uncont\" ><div class=\"vc_custom_heading_wrap\"><div class=\"heading-text el-text\" ><p class=\"h3 font-weight-400\" ><span>kokeneilta teknologian ammattilaisilta<\/span><\/p><\/div><div class=\"clear\"><\/div><\/div><div class=\"empty-space empty-single desktop-hidden\" ><span class=\"empty-space-inner\"><\/span><\/div>\n<\/div><\/div><\/div><\/div><\/div><div class=\"wpb_column pos-top pos-center align_left column_child col-lg-3 tablet-hidden mobile-hidden single-internal-gutter\"><div class=\"uncol style-light\" ><div class=\"uncoltable\"><div class=\"uncell no-block-padding\" ><div class=\"uncont\" ><\/div><\/div><\/div><\/div><\/div><\/div><\/div><\/div><\/div><\/div><\/div><\/div><\/div><script id=\"script-row-unique-0\" data-row=\"script-row-unique-0\" type=\"text\/javascript\" class=\"vc_controls\">UNCODE.initRow(document.getElementById(\"row-unique-0\"));<\/script><\/div><\/div><\/div><div data-parent=\"true\" class=\"vc_row style-color-jevc-bg row-container\" id=\"row-unique-1\"><div class=\"row col-half-gutter double-top-padding double-bottom-padding double-h-padding full-width row-parent\"><div class=\"wpb_row row-inner\"><div class=\"wpb_column pos-top pos-center align_left column_parent col-lg-12 double-internal-gutter\"><div class=\"uncol style-light\"  ><div class=\"uncoltable\"><div class=\"uncell no-block-padding\" ><div class=\"uncont\" ><div id=\"index-609212479\" class=\"isotope-system isotope-general-light grid-general-light\" >\n\t\t\t\n\t\t\t\t\t\t\t\t\t\t\t\t\t\t<div class=\"isotope-wrapper grid-wrapper single-gutter\" >\t\t\t\t\t\t\t\t\t\t\t\t<div class=\"isotope-container grid-container isotope-layout style-metro isotope-pagination grid-pagination\" data-type=\"metro\" data-layout=\"masonry\" data-lg=\"1000\" data-md=\"600\" data-sm=\"480\" data-vp-height=\"\">\t\t\t<div class=\"tmb atc-typography-inherit tmb-iso-w4 tmb-iso-h4 tmb-dark tmb-text-showed tmb-overlay-anim tmb-content-left tmb-image-anim  tmb-id-111323 tmb-content-under tmb-media-first tmb-no-bg\" ><div class=\"t-inside animate_when_almost_visible bottom-t-top\" data-delay=\"200\"><div class=\"t-entry-visual\"><div class=\"t-entry-visual-tc\"><div class=\"t-entry-visual-cont\"><a role=\"button\" tabindex=\"-1\" href=\"https:\/\/www.dev.piisku.fi\/en\/training_posts\/ai-jatkokurssi\" target=\"_self\" data-lb-index=\"0\"><div class=\"t-entry-visual-overlay\"><div class=\"t-entry-visual-overlay-in style-color-nhtu-bg\" style=\"opacity: 0.5;\"><\/div><\/div><div class=\"t-background-cover\" style=\"background-image:url('https:\/\/www.dev.piisku.fi\/wp-content\/uploads\/2024\/12\/Designer-1.jpeg')\"><\/div><\/a><\/div>\n\t\t\t\t\t<\/div>\n\t\t\t\t<\/div><div class=\"t-entry-text\">\n\t\t\t\t\t\t\t\t\t<div class=\"t-entry-text-tc single-block-padding\"><div class=\"t-entry\"><p class=\"t-entry-meta\"><span class=\"t-entry-date\">23.05.2025<\/span><\/p><h3 class=\"t-entry-title h5 title-scale\"><a href=\"https:\/\/www.dev.piisku.fi\/en\/training_posts\/ai-jatkokurssi\" target=\"_self\">AI &#8211; Jatkokurssi<\/a><\/h3><\/div><\/div>\n\t\t\t\t\t\t\t<\/div><\/div><\/div><div class=\"tmb atc-typography-inherit tmb-iso-w4 tmb-iso-h4 tmb-dark tmb-text-showed tmb-overlay-anim tmb-content-left tmb-image-anim  tmb-id-111318 tmb-content-under tmb-media-first tmb-no-bg\" ><div class=\"t-inside animate_when_almost_visible bottom-t-top\" data-delay=\"200\"><div class=\"t-entry-visual\"><div class=\"t-entry-visual-tc\"><div class=\"t-entry-visual-cont\"><a role=\"button\" tabindex=\"-1\" href=\"https:\/\/www.dev.piisku.fi\/en\/training_posts\/ai-peruskurssi\" target=\"_self\" data-lb-index=\"1\"><div class=\"t-entry-visual-overlay\"><div class=\"t-entry-visual-overlay-in style-color-nhtu-bg\" style=\"opacity: 0.5;\"><\/div><\/div><div class=\"t-background-cover\" style=\"background-image:url('https:\/\/www.dev.piisku.fi\/wp-content\/uploads\/2024\/12\/PART2-pic-2.png')\"><\/div><\/a><\/div>\n\t\t\t\t\t<\/div>\n\t\t\t\t<\/div><div class=\"t-entry-text\">\n\t\t\t\t\t\t\t\t\t<div class=\"t-entry-text-tc single-block-padding\"><div class=\"t-entry\"><p class=\"t-entry-meta\"><span class=\"t-entry-date\">22.05.2025<\/span><\/p><h3 class=\"t-entry-title h5 title-scale\"><a href=\"https:\/\/www.dev.piisku.fi\/en\/training_posts\/ai-peruskurssi\" target=\"_self\">AI &#8211; Peruskurssi<\/a><\/h3><\/div><\/div>\n\t\t\t\t\t\t\t<\/div><\/div><\/div>\t\t<\/div>\t\n\t\n\n\t<\/div>\t\t\t\t<\/div>\n<\/div><\/div><\/div><\/div><\/div><script id=\"script-row-unique-1\" data-row=\"script-row-unique-1\" type=\"text\/javascript\" class=\"vc_controls\">UNCODE.initRow(document.getElementById(\"row-unique-1\"));<\/script><\/div><\/div><\/div>\n<\/div>","protected":false},"excerpt":{"rendered":"Kaikenlaista koulutusta &nbsp; Mit\u00e4 kurssi sis\u00e4lt\u00e4\u00e4? &nbsp; Liirumlaarumlaa stalla lalla laa...","protected":false},"author":8,"featured_media":0,"parent":0,"menu_order":0,"comment_status":"closed","ping_status":"closed","template":"","meta":{"footnotes":""},"class_list":["post-111294","page","type-page","status-publish","hentry"],"yoast_head":"<!-- This site is optimized with the Yoast SEO plugin v25.0 - https:\/\/yoast.com\/wordpress\/plugins\/seo\/ -->\n<title>Training - Piisku<\/title>\n<meta name=\"robots\" content=\"index, follow, max-snippet:-1, max-image-preview:large, max-video-preview:-1\" \/>\n<link rel=\"canonical\" href=\"https:\/\/www.dev.piisku.fi\/en\/training\/\" \/>\n<meta property=\"og:locale\" content=\"en_US\" \/>\n<meta property=\"og:type\" content=\"article\" \/>\n<meta property=\"og:title\" content=\"Training - Piisku\" \/>\n<meta property=\"og:url\" content=\"https:\/\/www.dev.piisku.fi\/en\/training\/\" \/>\n<meta property=\"og:site_name\" content=\"Piisku\" \/>\n<meta property=\"article:modified_time\" content=\"2025-05-30T01:05:19+00:00\" \/>\n<meta property=\"og:image\" content=\"https:\/\/www.dev.piisku.fi\/wp-content\/uploads\/2022\/09\/PIISKU_FB-share.jpg\" \/>\n\t<meta property=\"og:image:width\" content=\"1200\" \/>\n\t<meta property=\"og:image:height\" content=\"630\" \/>\n\t<meta property=\"og:image:type\" content=\"image\/jpeg\" \/>\n<meta name=\"twitter:card\" content=\"summary_large_image\" \/>\n<meta name=\"twitter:label1\" content=\"Est. reading time\" \/>\n\t<meta name=\"twitter:data1\" content=\"1 minute\" \/>\n<script type=\"application\/ld+json\" class=\"yoast-schema-graph\">{\"@context\":\"https:\/\/schema.org\",\"@graph\":[{\"@type\":\"WebPage\",\"@id\":\"https:\/\/www.dev.piisku.fi\/training\",\"url\":\"https:\/\/www.dev.piisku.fi\/training\",\"name\":\"Training - Piisku\",\"isPartOf\":{\"@id\":\"https:\/\/www.dev.piisku.fi\/fi\/#website\"},\"datePublished\":\"2025-05-14T20:52:35+00:00\",\"dateModified\":\"2025-05-30T01:05:19+00:00\",\"breadcrumb\":{\"@id\":\"https:\/\/www.dev.piisku.fi\/training#breadcrumb\"},\"inLanguage\":\"en-US\",\"potentialAction\":[{\"@type\":\"ReadAction\",\"target\":[\"https:\/\/www.dev.piisku.fi\/training\"]}]},{\"@type\":\"BreadcrumbList\",\"@id\":\"https:\/\/www.dev.piisku.fi\/training#breadcrumb\",\"itemListElement\":[{\"@type\":\"ListItem\",\"position\":1,\"name\":\"Home\",\"item\":\"https:\/\/www.dev.piisku.fi\/fi\/\"},{\"@type\":\"ListItem\",\"position\":2,\"name\":\"Training\"}]},{\"@type\":\"WebSite\",\"@id\":\"https:\/\/www.dev.piisku.fi\/fi\/#website\",\"url\":\"https:\/\/www.dev.piisku.fi\/fi\/\",\"name\":\"Piisku\",\"description\":\"Building withstanding quality technology solutions for enhanced productivity, quality, and security.\",\"publisher\":{\"@id\":\"https:\/\/www.dev.piisku.fi\/fi\/#organization\"},\"potentialAction\":[{\"@type\":\"SearchAction\",\"target\":{\"@type\":\"EntryPoint\",\"urlTemplate\":\"https:\/\/www.dev.piisku.fi\/fi\/?s={search_term_string}\"},\"query-input\":{\"@type\":\"PropertyValueSpecification\",\"valueRequired\":true,\"valueName\":\"search_term_string\"}}],\"inLanguage\":\"en-US\"},{\"@type\":\"Organization\",\"@id\":\"https:\/\/www.dev.piisku.fi\/fi\/#organization\",\"name\":\"Piisku Ltd\",\"url\":\"https:\/\/www.dev.piisku.fi\/fi\/\",\"logo\":{\"@type\":\"ImageObject\",\"inLanguage\":\"en-US\",\"@id\":\"https:\/\/www.dev.piisku.fi\/fi\/#\/schema\/logo\/image\/\",\"url\":\"https:\/\/www.dev.piisku.fi\/wp-content\/uploads\/2022\/09\/piisku-logotiedostot-01.svg\",\"contentUrl\":\"https:\/\/www.dev.piisku.fi\/wp-content\/uploads\/2022\/09\/piisku-logotiedostot-01.svg\",\"width\":1,\"height\":1,\"caption\":\"Piisku Ltd\"},\"image\":{\"@id\":\"https:\/\/www.dev.piisku.fi\/fi\/#\/schema\/logo\/image\/\"},\"sameAs\":[\"https:\/\/www.linkedin.com\/company\/piisku\/\"]}]}<\/script>\n<!-- \/ Yoast SEO plugin. -->","yoast_head_json":{"title":"Training - Piisku","robots":{"index":"index","follow":"follow","max-snippet":"max-snippet:-1","max-image-preview":"max-image-preview:large","max-video-preview":"max-video-preview:-1"},"canonical":"https:\/\/www.dev.piisku.fi\/en\/training\/","og_locale":"en_US","og_type":"article","og_title":"Training - Piisku","og_url":"https:\/\/www.dev.piisku.fi\/en\/training\/","og_site_name":"Piisku","article_modified_time":"2025-05-30T01:05:19+00:00","og_image":[{"width":1200,"height":630,"url":"https:\/\/www.dev.piisku.fi\/wp-content\/uploads\/2022\/09\/PIISKU_FB-share.jpg","type":"image\/jpeg"}],"twitter_card":"summary_large_image","twitter_misc":{"Est. reading time":"1 minute"},"schema":{"@context":"https:\/\/schema.org","@graph":[{"@type":"WebPage","@id":"https:\/\/www.dev.piisku.fi\/training","url":"https:\/\/www.dev.piisku.fi\/training","name":"Training - Piisku","isPartOf":{"@id":"https:\/\/www.dev.piisku.fi\/fi\/#website"},"datePublished":"2025-05-14T20:52:35+00:00","dateModified":"2025-05-30T01:05:19+00:00","breadcrumb":{"@id":"https:\/\/www.dev.piisku.fi\/training#breadcrumb"},"inLanguage":"en-US","potentialAction":[{"@type":"ReadAction","target":["https:\/\/www.dev.piisku.fi\/training"]}]},{"@type":"BreadcrumbList","@id":"https:\/\/www.dev.piisku.fi\/training#breadcrumb","itemListElement":[{"@type":"ListItem","position":1,"name":"Home","item":"https:\/\/www.dev.piisku.fi\/fi\/"},{"@type":"ListItem","position":2,"name":"Training"}]},{"@type":"WebSite","@id":"https:\/\/www.dev.piisku.fi\/fi\/#website","url":"https:\/\/www.dev.piisku.fi\/fi\/","name":"Piisku","description":"Building withstanding quality technology solutions for enhanced productivity, quality, and security.","publisher":{"@id":"https:\/\/www.dev.piisku.fi\/fi\/#organization"},"potentialAction":[{"@type":"SearchAction","target":{"@type":"EntryPoint","urlTemplate":"https:\/\/www.dev.piisku.fi\/fi\/?s={search_term_string}"},"query-input":{"@type":"PropertyValueSpecification","valueRequired":true,"valueName":"search_term_string"}}],"inLanguage":"en-US"},{"@type":"Organization","@id":"https:\/\/www.dev.piisku.fi\/fi\/#organization","name":"Piisku Ltd","url":"https:\/\/www.dev.piisku.fi\/fi\/","logo":{"@type":"ImageObject","inLanguage":"en-US","@id":"https:\/\/www.dev.piisku.fi\/fi\/#\/schema\/logo\/image\/","url":"https:\/\/www.dev.piisku.fi\/wp-content\/uploads\/2022\/09\/piisku-logotiedostot-01.svg","contentUrl":"https:\/\/www.dev.piisku.fi\/wp-content\/uploads\/2022\/09\/piisku-logotiedostot-01.svg","width":1,"height":1,"caption":"Piisku Ltd"},"image":{"@id":"https:\/\/www.dev.piisku.fi\/fi\/#\/schema\/logo\/image\/"},"sameAs":["https:\/\/www.linkedin.com\/company\/piisku\/"]}]}},"_links":{"self":[{"href":"https:\/\/www.dev.piisku.fi\/en\/wp-json\/wp\/v2\/pages\/111294","targetHints":{"allow":["GET"]}}],"collection":[{"href":"https:\/\/www.dev.piisku.fi\/en\/wp-json\/wp\/v2\/pages"}],"about":[{"href":"https:\/\/www.dev.piisku.fi\/en\/wp-json\/wp\/v2\/types\/page"}],"author":[{"embeddable":true,"href":"https:\/\/www.dev.piisku.fi\/en\/wp-json\/wp\/v2\/users\/8"}],"replies":[{"embeddable":true,"href":"https:\/\/www.dev.piisku.fi\/en\/wp-json\/wp\/v2\/comments?post=111294"}],"version-history":[{"count":18,"href":"https:\/\/www.dev.piisku.fi\/en\/wp-json\/wp\/v2\/pages\/111294\/revisions"}],"predecessor-version":[{"id":111373,"href":"https:\/\/www.dev.piisku.fi\/en\/wp-json\/wp\/v2\/pages\/111294\/revisions\/111373"}],"wp:attachment":[{"href":"https:\/\/www.dev.piisku.fi\/en\/wp-json\/wp\/v2\/media?parent=111294"}],"curies":[{"name":"wp","href":"https:\/\/api.w.org\/{rel}","templated":true}]}}