{"id":111438,"date":"2025-06-24T22:25:40","date_gmt":"2025-06-24T19:25:40","guid":{"rendered":"https:\/\/www.dev.piisku.fi\/?page_id=111438"},"modified":"2025-06-24T22:35:59","modified_gmt":"2025-06-24T19:35:59","slug":"order-newsletter","status":"publish","type":"page","link":"https:\/\/www.dev.piisku.fi\/en\/order-newsletter","title":{"rendered":"Order Newsletter"},"content":{"rendered":"<div class=\"wpb-content-wrapper\"><div data-parent=\"true\" class=\"vc_row row-container\" id=\"row-unique-0\"><div class=\"row limit-width row-parent\"><div class=\"wpb_row row-inner\"><div class=\"wpb_column pos-top pos-center align_left column_parent col-lg-12 single-internal-gutter\"><div class=\"uncol style-light\"  ><div class=\"uncoltable\"><div class=\"uncell no-block-padding\" ><div class=\"uncont\" >\n\t<div class=\"wpb_raw_code wpb_raw_html\" >\n\t\t<div class=\"wpb_wrapper\">\n\t\t\t<script>(function() {\n\twindow.mc4wp = window.mc4wp || {\n\t\tlisteners: [],\n\t\tforms: {\n\t\t\ton: function(evt, cb) {\n\t\t\t\twindow.mc4wp.listeners.push(\n\t\t\t\t\t{\n\t\t\t\t\t\tevent   : evt,\n\t\t\t\t\t\tcallback: cb\n\t\t\t\t\t}\n\t\t\t\t);\n\t\t\t}\n\t\t}\n\t}\n})();\n<\/script><!-- Mailchimp for WordPress v4.10.4 - https:\/\/wordpress.org\/plugins\/mailchimp-for-wp\/ --><form id=\"mc4wp-form-1\" class=\"mc4wp-form mc4wp-form-111435\" method=\"post\" data-id=\"111435\" data-name=\"Newsletter\" action=\"\" ><div class=\"mc4wp-form-fields\"><p>\r\n\t<label for=\"email\">S\u00e4hk\u00f6postiosoite \r\n\t\t<input type=\"email\" id=\"email\" name=\"EMAIL\" placeholder=\"Sy\u00f6t\u00e4 s\u00e4hk\u00f6postiosoite\" required>\r\n\t<\/label>\r\n  \r\n  \t<p>\r\n      \t<label>Uutiskirjetyypit<\/label>\r\n      \t<div>\r\n          \t<div>\r\n      \t\t\t<input type=\"checkbox\" name=\"INTERESTS[6100ae2c16][]\" value=\"0c6a40c56d\"> <span>Blogi<\/span>\r\n          \t<\/div>\r\n          \t<div>\r\n      \t\t\t<input type=\"checkbox\" name=\"INTERESTS[6100ae2c16][]\" value=\"ae18e4bbd4\"> <span>Koulutus<\/span>\r\n          \t<\/div>\r\n      \t\t<div>\r\n          \t\t<input type=\"checkbox\" name=\"INTERESTS[6100ae2c16][]\" value=\"d5885e53f6\"> <span>Tieteellinen tutkimus<\/span>\r\n      \t\t<\/div>\r\n\t\t<\/div>\r\n\r\n<\/p>\r\n\r\n<p>\r\n  <button type=\"submit\">Tilaa<\/button>\r\n<\/p><\/div><label style=\"display: none !important;\">Leave this field empty if you're human: <input type=\"text\" name=\"_mc4wp_honeypot\" value=\"\" tabindex=\"-1\" autocomplete=\"off\" \/><\/label><input type=\"hidden\" name=\"_mc4wp_timestamp\" value=\"1776429442\" \/><input type=\"hidden\" name=\"_mc4wp_form_id\" value=\"111435\" \/><input type=\"hidden\" name=\"_mc4wp_form_element_id\" value=\"mc4wp-form-1\" \/><div class=\"mc4wp-response\"><\/div><input type=\"hidden\" name=\"trp-form-language\" value=\"en\"\/><\/form><!-- \/ Mailchimp for WordPress Plugin -->\n\t\t<\/div>\n\t<\/div>\n<\/div><\/div><\/div><\/div><\/div><script id=\"script-row-unique-0\" data-row=\"script-row-unique-0\" type=\"text\/javascript\" class=\"vc_controls\">UNCODE.initRow(document.getElementById(\"row-unique-0\"));<\/script><\/div><\/div><\/div>\n<\/div>","protected":false},"excerpt":{"rendered":"S\u00e4hk\u00f6postiosoite Uutiskirjetyypit Blogi Koulutus Tieteellinen tutkimus Tilaa Leave this field empty if you're human:","protected":false},"author":8,"featured_media":0,"parent":0,"menu_order":0,"comment_status":"closed","ping_status":"closed","template":"","meta":{"footnotes":""},"class_list":["post-111438","page","type-page","status-publish","hentry"],"yoast_head":"<!-- This site is optimized with the Yoast SEO plugin v25.0 - https:\/\/yoast.com\/wordpress\/plugins\/seo\/ -->\n<title>Order Newsletter - Piisku<\/title>\n<meta name=\"robots\" content=\"index, follow, max-snippet:-1, max-image-preview:large, max-video-preview:-1\" \/>\n<link rel=\"canonical\" href=\"https:\/\/www.dev.piisku.fi\/en\/order-newsletter\/\" \/>\n<meta property=\"og:locale\" content=\"en_US\" \/>\n<meta property=\"og:type\" content=\"article\" \/>\n<meta property=\"og:title\" content=\"Order Newsletter - Piisku\" \/>\n<meta property=\"og:url\" content=\"https:\/\/www.dev.piisku.fi\/en\/order-newsletter\/\" \/>\n<meta property=\"og:site_name\" content=\"Piisku\" \/>\n<meta property=\"article:modified_time\" content=\"2025-06-24T19:35:59+00:00\" \/>\n<meta property=\"og:image\" content=\"https:\/\/www.dev.piisku.fi\/wp-content\/uploads\/2022\/09\/PIISKU_FB-share.jpg\" \/>\n\t<meta property=\"og:image:width\" content=\"1200\" \/>\n\t<meta property=\"og:image:height\" content=\"630\" \/>\n\t<meta property=\"og:image:type\" content=\"image\/jpeg\" \/>\n<meta name=\"twitter:card\" content=\"summary_large_image\" \/>\n<meta name=\"twitter:label1\" content=\"Est. reading time\" \/>\n\t<meta name=\"twitter:data1\" content=\"1 minute\" \/>\n<script type=\"application\/ld+json\" class=\"yoast-schema-graph\">{\"@context\":\"https:\/\/schema.org\",\"@graph\":[{\"@type\":\"WebPage\",\"@id\":\"https:\/\/www.dev.piisku.fi\/order-newsletter\",\"url\":\"https:\/\/www.dev.piisku.fi\/order-newsletter\",\"name\":\"Order Newsletter - Piisku\",\"isPartOf\":{\"@id\":\"https:\/\/www.dev.piisku.fi\/fi\/#website\"},\"datePublished\":\"2025-06-24T19:25:40+00:00\",\"dateModified\":\"2025-06-24T19:35:59+00:00\",\"breadcrumb\":{\"@id\":\"https:\/\/www.dev.piisku.fi\/order-newsletter#breadcrumb\"},\"inLanguage\":\"en-US\",\"potentialAction\":[{\"@type\":\"ReadAction\",\"target\":[\"https:\/\/www.dev.piisku.fi\/order-newsletter\"]}]},{\"@type\":\"BreadcrumbList\",\"@id\":\"https:\/\/www.dev.piisku.fi\/order-newsletter#breadcrumb\",\"itemListElement\":[{\"@type\":\"ListItem\",\"position\":1,\"name\":\"Home\",\"item\":\"https:\/\/www.dev.piisku.fi\/fi\/\"},{\"@type\":\"ListItem\",\"position\":2,\"name\":\"Order Newsletter\"}]},{\"@type\":\"WebSite\",\"@id\":\"https:\/\/www.dev.piisku.fi\/fi\/#website\",\"url\":\"https:\/\/www.dev.piisku.fi\/fi\/\",\"name\":\"Piisku\",\"description\":\"Building withstanding quality technology solutions for enhanced productivity, quality, and security.\",\"publisher\":{\"@id\":\"https:\/\/www.dev.piisku.fi\/fi\/#organization\"},\"potentialAction\":[{\"@type\":\"SearchAction\",\"target\":{\"@type\":\"EntryPoint\",\"urlTemplate\":\"https:\/\/www.dev.piisku.fi\/fi\/?s={search_term_string}\"},\"query-input\":{\"@type\":\"PropertyValueSpecification\",\"valueRequired\":true,\"valueName\":\"search_term_string\"}}],\"inLanguage\":\"en-US\"},{\"@type\":\"Organization\",\"@id\":\"https:\/\/www.dev.piisku.fi\/fi\/#organization\",\"name\":\"Piisku Ltd\",\"url\":\"https:\/\/www.dev.piisku.fi\/fi\/\",\"logo\":{\"@type\":\"ImageObject\",\"inLanguage\":\"en-US\",\"@id\":\"https:\/\/www.dev.piisku.fi\/fi\/#\/schema\/logo\/image\/\",\"url\":\"https:\/\/www.dev.piisku.fi\/wp-content\/uploads\/2022\/09\/piisku-logotiedostot-01.svg\",\"contentUrl\":\"https:\/\/www.dev.piisku.fi\/wp-content\/uploads\/2022\/09\/piisku-logotiedostot-01.svg\",\"width\":1,\"height\":1,\"caption\":\"Piisku Ltd\"},\"image\":{\"@id\":\"https:\/\/www.dev.piisku.fi\/fi\/#\/schema\/logo\/image\/\"},\"sameAs\":[\"https:\/\/www.linkedin.com\/company\/piisku\/\"]}]}<\/script>\n<!-- \/ Yoast SEO plugin. -->","yoast_head_json":{"title":"Order Newsletter - Piisku","robots":{"index":"index","follow":"follow","max-snippet":"max-snippet:-1","max-image-preview":"max-image-preview:large","max-video-preview":"max-video-preview:-1"},"canonical":"https:\/\/www.dev.piisku.fi\/en\/order-newsletter\/","og_locale":"en_US","og_type":"article","og_title":"Order Newsletter - Piisku","og_url":"https:\/\/www.dev.piisku.fi\/en\/order-newsletter\/","og_site_name":"Piisku","article_modified_time":"2025-06-24T19:35:59+00:00","og_image":[{"width":1200,"height":630,"url":"https:\/\/www.dev.piisku.fi\/wp-content\/uploads\/2022\/09\/PIISKU_FB-share.jpg","type":"image\/jpeg"}],"twitter_card":"summary_large_image","twitter_misc":{"Est. reading time":"1 minute"},"schema":{"@context":"https:\/\/schema.org","@graph":[{"@type":"WebPage","@id":"https:\/\/www.dev.piisku.fi\/order-newsletter","url":"https:\/\/www.dev.piisku.fi\/order-newsletter","name":"Order Newsletter - Piisku","isPartOf":{"@id":"https:\/\/www.dev.piisku.fi\/fi\/#website"},"datePublished":"2025-06-24T19:25:40+00:00","dateModified":"2025-06-24T19:35:59+00:00","breadcrumb":{"@id":"https:\/\/www.dev.piisku.fi\/order-newsletter#breadcrumb"},"inLanguage":"en-US","potentialAction":[{"@type":"ReadAction","target":["https:\/\/www.dev.piisku.fi\/order-newsletter"]}]},{"@type":"BreadcrumbList","@id":"https:\/\/www.dev.piisku.fi\/order-newsletter#breadcrumb","itemListElement":[{"@type":"ListItem","position":1,"name":"Home","item":"https:\/\/www.dev.piisku.fi\/fi\/"},{"@type":"ListItem","position":2,"name":"Order Newsletter"}]},{"@type":"WebSite","@id":"https:\/\/www.dev.piisku.fi\/fi\/#website","url":"https:\/\/www.dev.piisku.fi\/fi\/","name":"Piisku","description":"Building withstanding quality technology solutions for enhanced productivity, quality, and security.","publisher":{"@id":"https:\/\/www.dev.piisku.fi\/fi\/#organization"},"potentialAction":[{"@type":"SearchAction","target":{"@type":"EntryPoint","urlTemplate":"https:\/\/www.dev.piisku.fi\/fi\/?s={search_term_string}"},"query-input":{"@type":"PropertyValueSpecification","valueRequired":true,"valueName":"search_term_string"}}],"inLanguage":"en-US"},{"@type":"Organization","@id":"https:\/\/www.dev.piisku.fi\/fi\/#organization","name":"Piisku Ltd","url":"https:\/\/www.dev.piisku.fi\/fi\/","logo":{"@type":"ImageObject","inLanguage":"en-US","@id":"https:\/\/www.dev.piisku.fi\/fi\/#\/schema\/logo\/image\/","url":"https:\/\/www.dev.piisku.fi\/wp-content\/uploads\/2022\/09\/piisku-logotiedostot-01.svg","contentUrl":"https:\/\/www.dev.piisku.fi\/wp-content\/uploads\/2022\/09\/piisku-logotiedostot-01.svg","width":1,"height":1,"caption":"Piisku Ltd"},"image":{"@id":"https:\/\/www.dev.piisku.fi\/fi\/#\/schema\/logo\/image\/"},"sameAs":["https:\/\/www.linkedin.com\/company\/piisku\/"]}]}},"_links":{"self":[{"href":"https:\/\/www.dev.piisku.fi\/en\/wp-json\/wp\/v2\/pages\/111438","targetHints":{"allow":["GET"]}}],"collection":[{"href":"https:\/\/www.dev.piisku.fi\/en\/wp-json\/wp\/v2\/pages"}],"about":[{"href":"https:\/\/www.dev.piisku.fi\/en\/wp-json\/wp\/v2\/types\/page"}],"author":[{"embeddable":true,"href":"https:\/\/www.dev.piisku.fi\/en\/wp-json\/wp\/v2\/users\/8"}],"replies":[{"embeddable":true,"href":"https:\/\/www.dev.piisku.fi\/en\/wp-json\/wp\/v2\/comments?post=111438"}],"version-history":[{"count":4,"href":"https:\/\/www.dev.piisku.fi\/en\/wp-json\/wp\/v2\/pages\/111438\/revisions"}],"predecessor-version":[{"id":111444,"href":"https:\/\/www.dev.piisku.fi\/en\/wp-json\/wp\/v2\/pages\/111438\/revisions\/111444"}],"wp:attachment":[{"href":"https:\/\/www.dev.piisku.fi\/en\/wp-json\/wp\/v2\/media?parent=111438"}],"curies":[{"name":"wp","href":"https:\/\/api.w.org\/{rel}","templated":true}]}}