{"id":110740,"date":"2023-03-22T12:22:25","date_gmt":"2023-03-22T12:22:25","guid":{"rendered":"https:\/\/www.dev.piisku.fi\/?page_id=110740"},"modified":"2025-05-30T02:37:05","modified_gmt":"2025-05-29T23:37:05","slug":"who-we-are","status":"publish","type":"page","link":"https:\/\/www.dev.piisku.fi\/fi\/who-we-are","title":{"rendered":"Who we are"},"content":{"rendered":"<div class=\"wpb-content-wrapper\"><div data-parent=\"true\" class=\"vc_row style-color-nhtu-bg row-container onepage-section\" data-label=\"Hello\" data-name=\"hello\" id=\"row-unique-0\"><div class=\"row-background background-element\">\n\t\t\t\t\t\t\t\t\t\t\t<div class=\"background-wrapper\">\n\t\t\t\t\t\t\t\t\t\t\t\t<div class=\"background-inner\" style=\"background-image: url(https:\/\/www.dev.piisku.fi\/wp-content\/uploads\/2022\/09\/who-we-are-bg.jpg);background-repeat: no-repeat;background-position: center top;background-attachment: scroll;background-size: cover;\"><\/div>\n\t\t\t\t\t\t\t\t\t\t\t\t<div class=\"block-bg-overlay style-color-jevc-bg\" style=\"opacity: 0.2;\"><\/div>\n\t\t\t\t\t\t\t\t\t\t\t<\/div>\n\t\t\t\t\t\t\t\t\t\t<\/div><div class=\"row single-top-padding single-bottom-padding single-h-padding limit-width row-parent\" data-height-ratio=\"full\"><div class=\"wpb_row row-inner\"><div class=\"wpb_column pos-middle pos-left align_left column_parent col-lg-12 col-md-50 single-internal-gutter\"><div class=\"uncol style-dark animate_when_almost_visible bottom-t-top\"  data-delay=\"200\"><div class=\"uncoltable\"><div class=\"uncell no-block-padding\" ><div class=\"uncont\" ><div class=\"vc_row row-internal row-container\"><div class=\"row row-child\"><div class=\"wpb_row row-inner\"><div class=\"wpb_column pos-middle pos-left align_left column_child col-lg-12 col-md-50 single-internal-gutter\"><div class=\"uncol style-dark\" ><div class=\"uncoltable\"><div class=\"uncell no-block-padding\" ><div class=\"uncont\" style=\" max-width:90%;\" ><div class=\"vc_custom_heading_wrap \"><div class=\"heading-text el-text\" ><h2 class=\"h6 fontspace-812097 text-color-gyho-color text-uppercase\" ><span>keit\u00e4 me olemme<\/span><\/h2><\/div><div class=\"clear\"><\/div><\/div><div class=\"vc_custom_heading_wrap \"><div class=\"heading-text el-text\" ><h1 class=\"h1 text-uppercase\" ><span>ensisijainen strateginen ICT-kumppani<\/span><\/h1><\/div><div class=\"clear\"><\/div><\/div><\/div><\/div><\/div><\/div><\/div><\/div><\/div><\/div><div class=\"vc_row row-internal row-container\"><div class=\"row row-child\"><div class=\"wpb_row row-inner\"><div class=\"wpb_column pos-top pos-center align_left column_child col-lg-9 half-internal-gutter\"><div class=\"uncol style-dark\" ><div class=\"uncoltable\"><div class=\"uncell no-block-padding\" ><div class=\"uncont\" ><div class=\"vc_custom_heading_wrap \"><div class=\"heading-text el-text\" ><p class=\"h3 font-weight-400\" ><span>Syv\u00e4n tiet\u00e4myksen ja laajan osaamisen ansiosta olemme erinomaisia \u200b\u200bmonimutkaisten liiketoimintakriittisten j\u00e4rjestelmien hallinnassa<\/span><\/p><\/div><div class=\"clear\"><\/div><\/div><div class=\"empty-space empty-single desktop-hidden\" ><span class=\"empty-space-inner\"><\/span><\/div>\n<\/div><\/div><\/div><\/div><\/div><div class=\"wpb_column pos-top pos-center align_left column_child col-lg-3 tablet-hidden mobile-hidden single-internal-gutter\"><div class=\"uncol style-light\" ><div class=\"uncoltable\"><div class=\"uncell no-block-padding\" ><div class=\"uncont\" ><\/div><\/div><\/div><\/div><\/div><\/div><\/div><\/div><\/div><\/div><\/div><\/div><\/div><script id=\"script-row-unique-0\" data-row=\"script-row-unique-0\" type=\"text\/javascript\" class=\"vc_controls\">UNCODE.initRow(document.getElementById(\"row-unique-0\"));<\/script><\/div><\/div><\/div><div data-parent=\"true\" class=\"vc_row style-color-nhtu-bg row-container onepage-section has-dividers\" data-label=\"who we are\" data-name=\"who-we-are\" id=\"row-unique-1\"><div class=\"row-background background-element\">\n\t\t\t\t\t\t\t\t\t\t\t<div class=\"background-wrapper\">\n\t\t\t\t\t\t\t\t\t\t\t\t<div class=\"background-inner\" style=\"background-image: url(https:\/\/www.dev.piisku.fi\/wp-content\/uploads\/2023\/03\/services-bg.jpg);background-repeat: no-repeat;background-position: center top;background-attachment: scroll;background-size: cover;\"><\/div>\n\t\t\t\t\t\t\t\t\t\t\t\t<div class=\"block-bg-overlay style-color-nhtu-bg\" style=\"opacity: 0.3;\"><\/div>\n\t\t\t\t\t\t\t\t\t\t\t<\/div>\n\t\t\t\t\t\t\t\t\t\t<\/div><div class=\"uncode-divider-wrap uncode-divider-wrap-bottom z_index_0\" style=\"height: 150px;\" data-height=\"150\" data-unit=\"px\"><svg version=\"1.1\" class=\"uncode-row-divider uncode-row-divider-gradient\" x=\"0px\" y=\"0px\" width=\"240px\" height=\"24px\" viewBox=\"0 0 240 24\" enable-background=\"new 0 0 240 24\" xml:space=\"preserve\" preserveAspectRatio=\"none\">\n\t\t<linearGradient id=\"svg-gradient-101170\" gradientUnits=\"userSpaceOnUse\" x1=\"119.9995\" y1=\"0\" x2=\"119.9995\" y2=\"24.0005\">\n\t\t\t<stop  offset=\"0\" style=\"stop-color:#000000;stop-opacity:0\"\/>\n\t\t\t<stop  offset=\"1\" style=\"stop-color:#000000\"\/>\n\t\t<\/linearGradient>\n\t\t<path fill=\"url(#svg-gradient-101170)\" d=\"M240,24V0H0v24H240z\"\/>\n\t\t<\/svg><\/div><div class=\"row col-double-gutter penta-top-padding penta-bottom-padding single-h-padding limit-width row-parent\"><div class=\"wpb_row row-inner\"><div class=\"wpb_column pos-top pos-center align_left column_parent col-lg-12 single-internal-gutter\"><div class=\"uncol style-dark\"  ><div class=\"uncoltable\"><div class=\"uncell no-block-padding\" ><div class=\"uncont\" ><div class=\"vc_row row-internal row-container\"><div class=\"row col-double-gutter row-child\"><div class=\"wpb_row row-inner\"><div class=\"wpb_column pos-top pos-center align_left column_child col-lg-4 col-md-50 half-internal-gutter\"><div class=\"uncol style-dark\" ><div class=\"uncoltable\"><div class=\"uncell no-block-padding\" ><div class=\"uncont\" ><div class=\"vc_custom_heading_wrap \"><div class=\"heading-text el-text\" ><div class=\"h5 font-weight-600\" ><span>\/<\/span><\/div><\/div><div class=\"clear\"><\/div><\/div><div class=\"uncode_text_column\" ><p>Tutkimme nykyaikaisia \u200b\u200bteknologioita ja ratkaisuja<\/p>\n<\/div><\/div><\/div><\/div><\/div><\/div><div class=\"wpb_column pos-top pos-center align_left column_child col-lg-4 col-md-50 half-internal-gutter\"><div class=\"uncol style-dark\" ><div class=\"uncoltable\"><div class=\"uncell no-block-padding\" ><div class=\"uncont\" ><div class=\"vc_custom_heading_wrap \"><div class=\"heading-text el-text\" ><div class=\"h5 font-weight-600\" ><span>\/<\/span><\/div><\/div><div class=\"clear\"><\/div><\/div><div class=\"uncode_text_column\" ><p>Panostamme jatkuvaan oppimiseen ja kehittymiseen sek\u00e4 henkil\u00f6kohtaisella ett\u00e4 organisaatiotasolla<\/p>\n<\/div><\/div><\/div><\/div><\/div><\/div><div class=\"wpb_column pos-top pos-center align_left column_child col-lg-4 col-md-50 col-md-clear half-internal-gutter\"><div class=\"uncol style-dark\" ><div class=\"uncoltable\"><div class=\"uncell no-block-padding\" ><div class=\"uncont\" ><div class=\"vc_custom_heading_wrap \"><div class=\"heading-text el-text\" ><div class=\"h5 font-weight-600\" ><span>\/<\/span><\/div><\/div><div class=\"clear\"><\/div><\/div><div class=\"uncode_text_column\" ><p>Toteutamme projekteja, joista voimme olla ylpeit\u00e4, joissa menestyst\u00e4 voidaan mitata ja hy\u00f6dyt todistaa<\/p>\n<\/div><\/div><\/div><\/div><\/div><\/div><\/div><\/div><\/div><\/div><\/div><\/div><\/div><\/div><script id=\"script-row-unique-1\" data-row=\"script-row-unique-1\" type=\"text\/javascript\" class=\"vc_controls\">UNCODE.initRow(document.getElementById(\"row-unique-1\"));<\/script><\/div><\/div><\/div><div data-parent=\"true\" class=\"vc_row style-color-nhtu-bg row-container onepage-section\" data-label=\"what we do\" data-name=\"what-we-do\" id=\"row-unique-2\"><div class=\"row col-double-gutter penta-top-padding penta-bottom-padding single-h-padding limit-width row-parent\"><div class=\"wpb_row row-inner\"><div class=\"wpb_column pos-top pos-center align_left column_parent col-lg-12 single-internal-gutter\"><div class=\"uncol style-dark\"  ><div class=\"uncoltable\"><div class=\"uncell no-block-padding\" ><div class=\"uncont\" ><div class=\"vc_custom_heading_wrap \"><div class=\"heading-text el-text\" ><h2 class=\"h6 fontspace-812097 text-color-gyho-color text-uppercase\" ><span>l\u00e4hestymistapamme<\/span><\/h2><\/div><div class=\"clear\"><\/div><\/div><div class=\"vc_row row-internal row-container\"><div class=\"row col-half-gutter row-child\"><div class=\"wpb_row row-inner\"><div class=\"wpb_column pos-top pos-center align_left column_child col-lg-6 half-internal-gutter\"><div class=\"uncol style-light\" ><div class=\"uncoltable\"><div class=\"uncell no-block-padding\" ><div class=\"uncont\" ><div class=\"uncode_text_column\" ><p>Piisku perustettiin tarjoamaan huippuluokan teknist\u00e4 asiantuntemusta asiakkaille, jotka haluavat kehitty\u00e4 paremmiksi omalla alallaan. Asiantuntemuksellamme pyrimme muuttamaan asiakkaidemme liiketoimintaa vaalimalla palvelutarjonnan laatua, ennustettavuutta ja asiakkaalle koituvaa arvoa. Missiomme on olla asiakkaidemme ensisijainen strateginen ICT-kumppani.<\/p>\n<\/div><div class=\"uncode_text_column text-small\" ><p>L\u00e4hestymistapamme on kasvaa ja rakentaa kumppanuuksia asiakkaidemme kanssa. Olipa kyseess\u00e4 sitten paikallinen tai globaali toimintatapa, voimme joustavasti liitty\u00e4 asiakkaan tiimiin miss\u00e4 ja milloin tahansa. &#8221;Jaa riski \u2013 jaa voitto&#8221; -mentaliteetin ansiosta asiakkaidemme menestys on p\u00e4\u00e4tavoitteemme: otamme elinkaarivastuun, ja asiakkaamme voivat keskitty\u00e4 liiketoimintaansa.<\/p>\n<\/div><\/div><\/div><\/div><\/div><\/div><div class=\"wpb_column pos-top pos-center align_left column_child col-lg-1 half-internal-gutter\"><div class=\"uncol style-dark\" ><div class=\"uncoltable\"><div class=\"uncell no-block-padding\" ><div class=\"uncont\" ><\/div><\/div><\/div><\/div><\/div><div class=\"wpb_column pos-top pos-center align_left column_child col-lg-5 half-internal-gutter\"><div class=\"uncol style-light\" ><div class=\"uncoltable\"><div class=\"uncell no-block-padding\" ><div class=\"uncont\" ><div class=\"vc_custom_heading_wrap \"><div class=\"heading-text el-text\" ><p class=\"h3 font-weight-400 text-color-gyho-color\" ><span>Otamme aina huomioon ekologian, talouden, lains\u00e4\u00e4d\u00e4nn\u00f6n ja turvallisuuden<\/span><\/p><\/div><div class=\"clear\"><\/div><\/div><\/div><\/div><\/div><\/div><\/div><\/div><\/div><\/div><div class=\"empty-space empty-single mobile-hidden\" ><span class=\"empty-space-inner\"><\/span><\/div>\n<\/div><\/div><\/div><\/div><\/div><script id=\"script-row-unique-2\" data-row=\"script-row-unique-2\" type=\"text\/javascript\" class=\"vc_controls\">UNCODE.initRow(document.getElementById(\"row-unique-2\"));<\/script><\/div><\/div><\/div>\n<\/div>","protected":false},"excerpt":{"rendered":"keit\u00e4 me olemmeensisijainen strateginen ICT-kumppaniSyv\u00e4n tiet\u00e4myksen ja laajan osaamisen ansiosta olemme erinomaisia \u200b\u200bmonimutkaisten liiketoimintakriittisten j\u00e4rjestelmien hallinnassa \/Tutkimme nykyaikaisia \u200b\u200bteknologioita ja [...]","protected":false},"author":3,"featured_media":0,"parent":0,"menu_order":0,"comment_status":"closed","ping_status":"closed","template":"","meta":{"footnotes":""},"class_list":["post-110740","page","type-page","status-publish","hentry"],"yoast_head":"<!-- This site is optimized with the Yoast SEO plugin v25.0 - https:\/\/yoast.com\/wordpress\/plugins\/seo\/ -->\n<title>Who we are - Piisku<\/title>\n<meta name=\"description\" content=\"We are independent specialists with deep and diverse expertise from business-critical systems. Our customers\u2019 success is our main goal.\" \/>\n<meta name=\"robots\" content=\"noindex, follow\" \/>\n<meta property=\"og:locale\" content=\"fi_FI\" \/>\n<meta property=\"og:type\" content=\"article\" \/>\n<meta property=\"og:title\" content=\"Who we are - Piisku\" \/>\n<meta property=\"og:description\" content=\"We are independent specialists with deep and diverse expertise from business-critical systems. Our customers\u2019 success is our main goal.\" \/>\n<meta property=\"og:url\" content=\"https:\/\/www.dev.piisku.fi\/fi\/who-we-are\/\" \/>\n<meta property=\"og:site_name\" content=\"Piisku\" \/>\n<meta property=\"article:modified_time\" content=\"2025-05-29T23:37:05+00:00\" \/>\n<meta property=\"og:image\" content=\"https:\/\/www.dev.piisku.fi\/wp-content\/uploads\/2022\/09\/PIISKU_FB-share.jpg\" \/>\n\t<meta property=\"og:image:width\" content=\"1200\" \/>\n\t<meta property=\"og:image:height\" content=\"630\" \/>\n\t<meta property=\"og:image:type\" content=\"image\/jpeg\" \/>\n<meta name=\"twitter:card\" content=\"summary_large_image\" \/>\n<meta name=\"twitter:label1\" content=\"Arvioitu lukuaika\" \/>\n\t<meta name=\"twitter:data1\" content=\"2 minuuttia\" \/>\n<script type=\"application\/ld+json\" class=\"yoast-schema-graph\">{\"@context\":\"https:\/\/schema.org\",\"@graph\":[{\"@type\":\"WebPage\",\"@id\":\"https:\/\/www.dev.piisku.fi\/en\/who-we-are\",\"url\":\"https:\/\/www.dev.piisku.fi\/en\/who-we-are\",\"name\":\"Who we are - Piisku\",\"isPartOf\":{\"@id\":\"https:\/\/www.dev.piisku.fi\/fi\/#website\"},\"datePublished\":\"2023-03-22T12:22:25+00:00\",\"dateModified\":\"2025-05-29T23:37:05+00:00\",\"description\":\"We are independent specialists with deep and diverse expertise from business-critical systems. Our customers\u2019 success is our main goal.\",\"breadcrumb\":{\"@id\":\"https:\/\/www.dev.piisku.fi\/en\/who-we-are#breadcrumb\"},\"inLanguage\":\"fi\",\"potentialAction\":[{\"@type\":\"ReadAction\",\"target\":[\"https:\/\/www.dev.piisku.fi\/en\/who-we-are\"]}]},{\"@type\":\"BreadcrumbList\",\"@id\":\"https:\/\/www.dev.piisku.fi\/en\/who-we-are#breadcrumb\",\"itemListElement\":[{\"@type\":\"ListItem\",\"position\":1,\"name\":\"Home\",\"item\":\"https:\/\/www.dev.piisku.fi\/fi\/\"},{\"@type\":\"ListItem\",\"position\":2,\"name\":\"Who we are\"}]},{\"@type\":\"WebSite\",\"@id\":\"https:\/\/www.dev.piisku.fi\/fi\/#website\",\"url\":\"https:\/\/www.dev.piisku.fi\/fi\/\",\"name\":\"Piisku\",\"description\":\"Building withstanding quality technology solutions for enhanced productivity, quality, and security.\",\"publisher\":{\"@id\":\"https:\/\/www.dev.piisku.fi\/fi\/#organization\"},\"potentialAction\":[{\"@type\":\"SearchAction\",\"target\":{\"@type\":\"EntryPoint\",\"urlTemplate\":\"https:\/\/www.dev.piisku.fi\/fi\/?s={search_term_string}\"},\"query-input\":{\"@type\":\"PropertyValueSpecification\",\"valueRequired\":true,\"valueName\":\"search_term_string\"}}],\"inLanguage\":\"fi\"},{\"@type\":\"Organization\",\"@id\":\"https:\/\/www.dev.piisku.fi\/fi\/#organization\",\"name\":\"Piisku Ltd\",\"url\":\"https:\/\/www.dev.piisku.fi\/fi\/\",\"logo\":{\"@type\":\"ImageObject\",\"inLanguage\":\"fi\",\"@id\":\"https:\/\/www.dev.piisku.fi\/fi\/#\/schema\/logo\/image\/\",\"url\":\"https:\/\/www.dev.piisku.fi\/wp-content\/uploads\/2022\/09\/piisku-logotiedostot-01.svg\",\"contentUrl\":\"https:\/\/www.dev.piisku.fi\/wp-content\/uploads\/2022\/09\/piisku-logotiedostot-01.svg\",\"width\":1,\"height\":1,\"caption\":\"Piisku Ltd\"},\"image\":{\"@id\":\"https:\/\/www.dev.piisku.fi\/fi\/#\/schema\/logo\/image\/\"},\"sameAs\":[\"https:\/\/www.linkedin.com\/company\/piisku\/\"]}]}<\/script>\n<!-- \/ Yoast SEO plugin. -->","yoast_head_json":{"title":"Who we are - Piisku","description":"We are independent specialists with deep and diverse expertise from business-critical systems. Our customers\u2019 success is our main goal.","robots":{"index":"noindex","follow":"follow"},"og_locale":"fi_FI","og_type":"article","og_title":"Who we are - Piisku","og_description":"We are independent specialists with deep and diverse expertise from business-critical systems. Our customers\u2019 success is our main goal.","og_url":"https:\/\/www.dev.piisku.fi\/fi\/who-we-are\/","og_site_name":"Piisku","article_modified_time":"2025-05-29T23:37:05+00:00","og_image":[{"width":1200,"height":630,"url":"https:\/\/www.dev.piisku.fi\/wp-content\/uploads\/2022\/09\/PIISKU_FB-share.jpg","type":"image\/jpeg"}],"twitter_card":"summary_large_image","twitter_misc":{"Arvioitu lukuaika":"2 minuuttia"},"schema":{"@context":"https:\/\/schema.org","@graph":[{"@type":"WebPage","@id":"https:\/\/www.dev.piisku.fi\/en\/who-we-are","url":"https:\/\/www.dev.piisku.fi\/en\/who-we-are","name":"Who we are - Piisku","isPartOf":{"@id":"https:\/\/www.dev.piisku.fi\/fi\/#website"},"datePublished":"2023-03-22T12:22:25+00:00","dateModified":"2025-05-29T23:37:05+00:00","description":"We are independent specialists with deep and diverse expertise from business-critical systems. Our customers\u2019 success is our main goal.","breadcrumb":{"@id":"https:\/\/www.dev.piisku.fi\/en\/who-we-are#breadcrumb"},"inLanguage":"fi","potentialAction":[{"@type":"ReadAction","target":["https:\/\/www.dev.piisku.fi\/en\/who-we-are"]}]},{"@type":"BreadcrumbList","@id":"https:\/\/www.dev.piisku.fi\/en\/who-we-are#breadcrumb","itemListElement":[{"@type":"ListItem","position":1,"name":"Home","item":"https:\/\/www.dev.piisku.fi\/fi\/"},{"@type":"ListItem","position":2,"name":"Who we are"}]},{"@type":"WebSite","@id":"https:\/\/www.dev.piisku.fi\/fi\/#website","url":"https:\/\/www.dev.piisku.fi\/fi\/","name":"Piisku","description":"Building withstanding quality technology solutions for enhanced productivity, quality, and security.","publisher":{"@id":"https:\/\/www.dev.piisku.fi\/fi\/#organization"},"potentialAction":[{"@type":"SearchAction","target":{"@type":"EntryPoint","urlTemplate":"https:\/\/www.dev.piisku.fi\/fi\/?s={search_term_string}"},"query-input":{"@type":"PropertyValueSpecification","valueRequired":true,"valueName":"search_term_string"}}],"inLanguage":"fi"},{"@type":"Organization","@id":"https:\/\/www.dev.piisku.fi\/fi\/#organization","name":"Piisku Ltd","url":"https:\/\/www.dev.piisku.fi\/fi\/","logo":{"@type":"ImageObject","inLanguage":"fi","@id":"https:\/\/www.dev.piisku.fi\/fi\/#\/schema\/logo\/image\/","url":"https:\/\/www.dev.piisku.fi\/wp-content\/uploads\/2022\/09\/piisku-logotiedostot-01.svg","contentUrl":"https:\/\/www.dev.piisku.fi\/wp-content\/uploads\/2022\/09\/piisku-logotiedostot-01.svg","width":1,"height":1,"caption":"Piisku Ltd"},"image":{"@id":"https:\/\/www.dev.piisku.fi\/fi\/#\/schema\/logo\/image\/"},"sameAs":["https:\/\/www.linkedin.com\/company\/piisku\/"]}]}},"_links":{"self":[{"href":"https:\/\/www.dev.piisku.fi\/fi\/wp-json\/wp\/v2\/pages\/110740","targetHints":{"allow":["GET"]}}],"collection":[{"href":"https:\/\/www.dev.piisku.fi\/fi\/wp-json\/wp\/v2\/pages"}],"about":[{"href":"https:\/\/www.dev.piisku.fi\/fi\/wp-json\/wp\/v2\/types\/page"}],"author":[{"embeddable":true,"href":"https:\/\/www.dev.piisku.fi\/fi\/wp-json\/wp\/v2\/users\/3"}],"replies":[{"embeddable":true,"href":"https:\/\/www.dev.piisku.fi\/fi\/wp-json\/wp\/v2\/comments?post=110740"}],"version-history":[{"count":26,"href":"https:\/\/www.dev.piisku.fi\/fi\/wp-json\/wp\/v2\/pages\/110740\/revisions"}],"predecessor-version":[{"id":111368,"href":"https:\/\/www.dev.piisku.fi\/fi\/wp-json\/wp\/v2\/pages\/110740\/revisions\/111368"}],"wp:attachment":[{"href":"https:\/\/www.dev.piisku.fi\/fi\/wp-json\/wp\/v2\/media?parent=110740"}],"curies":[{"name":"wp","href":"https:\/\/api.w.org\/{rel}","templated":true}]}}